{"id":22,"date":"2017-10-12T15:13:16","date_gmt":"2017-10-12T15:13:16","guid":{"rendered":"http:\/\/ake-software.de\/?page_id=22"},"modified":"2018-05-16T09:53:38","modified_gmt":"2018-05-16T09:53:38","slug":"a-k-e","status":"publish","type":"page","link":"https:\/\/ake-software.de\/?page_id=22","title":{"rendered":"a.k.e"},"content":{"rendered":"<p><span style=\"font-size: 14pt;\"><strong><span style=\"color: #b90046;\">Wir denken mit!<\/span><\/strong><\/span><\/p>\n<p><span style=\"color: #182f75;\">a.k.e entwickelt Softwarel\u00f6sungen, die auf individuelle Kundenbed\u00fcrfnisse zugeschnitten sind.<\/span><\/p>\n<p><span style=\"color: #182f75;\">Wir helfen unseren Kunden mit einer fundierten Analyse, eingehender Beratung und kompetenter Umsetzung.<\/span><\/p>\n<p><span style=\"font-size: 14pt;\"><strong><span style=\"color: #b90046;\">Ihr Nutzen!<\/span><\/strong><\/span><\/p>\n<p><span style=\"color: #182f75;\">Wir unterst\u00fctzen kompetent Ihren I.T.-Bereich, Sie k\u00f6nnen sich auf Ihr Kerngesch\u00e4ft konzentrieren.<\/span><\/p>\n<p><span style=\"color: #182f75;\">Wir machen Ihr Vertrauen zu unserer Verpflichtung &#8211; Willkommen bei a.k.e!<\/span><\/p>\n<p><span style=\"font-size: 14pt;\"><strong><span style=\"color: #b90046;\">Individuelle L\u00f6sungen verlangen individuelle Partnerschaft!<\/span><\/strong><\/span><\/p>\n<p><span style=\"color: #182f75;\">a.k.e besteht aus einem qualifizierten Team von Mathematikern und Informatikern, das wei\u00df, worauf es ankommt. Da wir die Technik beherrschen und ein leistungsstarkes Entwicklungswerkzeug nutzen, k\u00f6nnen wir uns viel st\u00e4rker auf die Projektinhalte konzentrieren. Unsere interne Organisation zeichnet sich durch kurze Entscheidungswege aus.<br \/>\nIhre W\u00fcnsche setzen wir prompt um.<\/span><\/p>\n<p><span style=\"font-size: 14pt;\"><strong><span style=\"color: #b90046;\">Wir entwickeln ma\u00dfgeschneiderte Softwarel\u00f6sungen im Dialog mit dem Kunden.<\/span><\/strong><\/span><\/p>\n","protected":false},"excerpt":{"rendered":"<p>Wir denken mit! a.k.e entwickelt Softwarel\u00f6sungen, die auf individuelle Kundenbed\u00fcrfnisse zugeschnitten sind. Wir helfen unseren Kunden mit einer fundierten Analyse, eingehender Beratung und kompetenter Umsetzung. Ihr Nutzen! Wir unterst\u00fctzen kompetent Ihren I.T.-Bereich, Sie k\u00f6nnen sich auf Ihr Kerngesch\u00e4ft konzentrieren. Wir &hellip; <a href=\"https:\/\/ake-software.de\/?page_id=22\">Weiterlesen <span class=\"meta-nav\">&rarr;<\/span><\/a><\/p>\n","protected":false},"author":1,"featured_media":0,"parent":0,"menu_order":0,"comment_status":"closed","ping_status":"closed","template":"","meta":{"ngg_post_thumbnail":0},"_links":{"self":[{"href":"https:\/\/ake-software.de\/index.php?rest_route=\/wp\/v2\/pages\/22"}],"collection":[{"href":"https:\/\/ake-software.de\/index.php?rest_route=\/wp\/v2\/pages"}],"about":[{"href":"https:\/\/ake-software.de\/index.php?rest_route=\/wp\/v2\/types\/page"}],"author":[{"embeddable":true,"href":"https:\/\/ake-software.de\/index.php?rest_route=\/wp\/v2\/users\/1"}],"replies":[{"embeddable":true,"href":"https:\/\/ake-software.de\/index.php?rest_route=%2Fwp%2Fv2%2Fcomments&post=22"}],"version-history":[{"count":12,"href":"https:\/\/ake-software.de\/index.php?rest_route=\/wp\/v2\/pages\/22\/revisions"}],"predecessor-version":[{"id":409,"href":"https:\/\/ake-software.de\/index.php?rest_route=\/wp\/v2\/pages\/22\/revisions\/409"}],"wp:attachment":[{"href":"https:\/\/ake-software.de\/index.php?rest_route=%2Fwp%2Fv2%2Fmedia&parent=22"}],"curies":[{"name":"wp","href":"https:\/\/api.w.org\/{rel}","templated":true}]}}